{"id":1877,"date":"2023-11-21T11:12:03","date_gmt":"2023-11-21T10:12:03","guid":{"rendered":"https:\/\/kouttab.shop\/?post_type=product&#038;p=1877"},"modified":"2023-11-22T12:16:36","modified_gmt":"2023-11-22T11:16:36","slug":"la-question-du-mal-et-de-lexistence-de-dieu","status":"publish","type":"product","link":"https:\/\/kouttab.fr\/index.php\/product\/la-question-du-mal-et-de-lexistence-de-dieu\/","title":{"rendered":"La question du mal et de l&rsquo;existence de Dieu"},"content":{"rendered":"<pre class=\"ce-product-name elementor-heading-title\"><em>R\u00e9ponse aux principales all\u00e9gations des ath\u00e9es<\/em><\/pre>\n","protected":false},"excerpt":{"rendered":"<p><em>La question du mal compte parmi les plus troublantes probl\u00e9matiques auxquelles de nombreux th\u00e9ologiens et philosophes ont \u00e9t\u00e9 confront\u00e9s. Beaucoup de penseurs ont clairement avou\u00e9 leur d\u00e9sarroi et leurs incertitudes face \u00e0 ce probl\u00e8me, et d\u2019autres se sont plaints de leur incapacit\u00e9 \u00e0 y apporter une r\u00e9ponse satisfaisante. Bon nombre d\u2019ath\u00e9es ont tent\u00e9 de tirer profit de cette difficult\u00e9. Ils ont alors utilis\u00e9 cette question pour tenter de remettre en cause l\u2019existence de Dieu et susciter ainsi le doute chez les croyants. Cette \u00e9tude se propose de contribuer \u00e0 r\u00e9soudre l\u2019\u00e9nigme de la question du mal en l\u2019abordant sous divers aspects.<\/em><\/p>\n","protected":false},"featured_media":1914,"comment_status":"open","ping_status":"closed","template":"","meta":{"give_campaign_id":0,"site-sidebar-layout":"default","site-content-layout":"","ast-site-content-layout":"default","site-content-style":"default","site-sidebar-style":"default","ast-global-header-display":"","ast-banner-title-visibility":"","ast-main-header-display":"","ast-hfb-above-header-display":"","ast-hfb-below-header-display":"","ast-hfb-mobile-header-display":"","site-post-title":"","ast-breadcrumbs-content":"","ast-featured-img":"","footer-sml-layout":"","ast-disable-related-posts":"","theme-transparent-header-meta":"default","adv-header-id-meta":"","stick-header-meta":"","header-above-stick-meta":"","header-main-stick-meta":"","header-below-stick-meta":"","astra-migrate-meta-layouts":"set","ast-page-background-enabled":"default","ast-page-background-meta":{"desktop":{"background-color":"var(--ast-global-color-4)","background-image":"","background-repeat":"repeat","background-position":"center center","background-size":"auto","background-attachment":"scroll","background-type":"","background-media":"","overlay-type":"","overlay-color":"","overlay-opacity":"","overlay-gradient":""},"tablet":{"background-color":"","background-image":"","background-repeat":"repeat","background-position":"center center","background-size":"auto","background-attachment":"scroll","background-type":"","background-media":"","overlay-type":"","overlay-color":"","overlay-opacity":"","overlay-gradient":""},"mobile":{"background-color":"","background-image":"","background-repeat":"repeat","background-position":"center center","background-size":"auto","background-attachment":"scroll","background-type":"","background-media":"","overlay-type":"","overlay-color":"","overlay-opacity":"","overlay-gradient":""}},"ast-content-background-meta":{"desktop":{"background-color":"var(--ast-global-color-5)","background-image":"","background-repeat":"repeat","background-position":"center center","background-size":"auto","background-attachment":"scroll","background-type":"","background-media":"","overlay-type":"","overlay-color":"","overlay-opacity":"","overlay-gradient":""},"tablet":{"background-color":"var(--ast-global-color-5)","background-image":"","background-repeat":"repeat","background-position":"center center","background-size":"auto","background-attachment":"scroll","background-type":"","background-media":"","overlay-type":"","overlay-color":"","overlay-opacity":"","overlay-gradient":""},"mobile":{"background-color":"var(--ast-global-color-5)","background-image":"","background-repeat":"repeat","background-position":"center center","background-size":"auto","background-attachment":"scroll","background-type":"","background-media":"","overlay-type":"","overlay-color":"","overlay-opacity":"","overlay-gradient":""}}},"product_brand":[],"product_cat":[25],"product_tag":[],"class_list":{"0":"post-1877","1":"product","2":"type-product","3":"status-publish","4":"has-post-thumbnail","6":"product_cat-aqida","7":"desktop-align-left","8":"tablet-align-left","9":"mobile-align-left","11":"first","12":"instock","13":"shipping-taxable","14":"purchasable","15":"product-type-simple"},"aioseo_notices":[],"jetpack_sharing_enabled":true,"_links":{"self":[{"href":"https:\/\/kouttab.fr\/index.php\/wp-json\/wp\/v2\/product\/1877","targetHints":{"allow":["GET"]}}],"collection":[{"href":"https:\/\/kouttab.fr\/index.php\/wp-json\/wp\/v2\/product"}],"about":[{"href":"https:\/\/kouttab.fr\/index.php\/wp-json\/wp\/v2\/types\/product"}],"replies":[{"embeddable":true,"href":"https:\/\/kouttab.fr\/index.php\/wp-json\/wp\/v2\/comments?post=1877"}],"wp:featuredmedia":[{"embeddable":true,"href":"https:\/\/kouttab.fr\/index.php\/wp-json\/wp\/v2\/media\/1914"}],"wp:attachment":[{"href":"https:\/\/kouttab.fr\/index.php\/wp-json\/wp\/v2\/media?parent=1877"}],"wp:term":[{"taxonomy":"product_brand","embeddable":true,"href":"https:\/\/kouttab.fr\/index.php\/wp-json\/wp\/v2\/product_brand?post=1877"},{"taxonomy":"product_cat","embeddable":true,"href":"https:\/\/kouttab.fr\/index.php\/wp-json\/wp\/v2\/product_cat?post=1877"},{"taxonomy":"product_tag","embeddable":true,"href":"https:\/\/kouttab.fr\/index.php\/wp-json\/wp\/v2\/product_tag?post=1877"}],"curies":[{"name":"wp","href":"https:\/\/api.w.org\/{rel}","templated":true}]}}