{"id":1898,"date":"2023-11-21T17:54:28","date_gmt":"2023-11-21T16:54:28","guid":{"rendered":"https:\/\/kouttab.shop\/?post_type=product&#038;p=1898"},"modified":"2023-11-22T12:14:30","modified_gmt":"2023-11-22T11:14:30","slug":"la-predication-de-lislam","status":"publish","type":"product","link":"https:\/\/kouttab.fr\/index.php\/product\/la-predication-de-lislam\/","title":{"rendered":"La pr\u00e9dication de l&rsquo;Islam"},"content":{"rendered":"<pre>Comment l\u2019Islam s\u2019est-il propag\u00e9<\/pre>\n","protected":false},"excerpt":{"rendered":"<p>Comment l\u2019Islam s\u2019est-il propag\u00e9, depuis la p\u00e9ninsule arabique, jusqu\u2019\u00e0 atteindre les confins de trois continents, r\u00e9unissant dans une intense fraternit\u00e9 de la foi les nations les plus \u00e9loign\u00e9es par la langue, l\u2019ethnie, les coutumes, la culture, la g\u00e9ographie ou l\u2019histoire ? Comment a-t-il si profond\u00e9ment gagn\u00e9 le c\u0153ur de tant de nations autrefois chr\u00e9tiennes, zoroastriennes ou pa\u00efennes ? Quelles ont \u00e9t\u00e9 les m\u00e9thodes employ\u00e9es par les missionnaires de la foi du Proph\u00e8te, quels sont les \u00e9l\u00e9ments de cette derni\u00e8re qui ont tant s\u00e9duit les peuples, et quels sont les autres facteurs \u2013 socio-culturels, politiques, \u00e9conomiques, religieux \u2013 entr\u00e9s en jeu dans cet extraordinaire ph\u00e9nom\u00e8ne historique ?<\/p>\n","protected":false},"featured_media":1913,"comment_status":"open","ping_status":"closed","template":"","meta":{"give_campaign_id":0,"site-sidebar-layout":"default","site-content-layout":"","ast-site-content-layout":"default","site-content-style":"default","site-sidebar-style":"default","ast-global-header-display":"","ast-banner-title-visibility":"","ast-main-header-display":"","ast-hfb-above-header-display":"","ast-hfb-below-header-display":"","ast-hfb-mobile-header-display":"","site-post-title":"","ast-breadcrumbs-content":"","ast-featured-img":"","footer-sml-layout":"","ast-disable-related-posts":"","theme-transparent-header-meta":"default","adv-header-id-meta":"","stick-header-meta":"","header-above-stick-meta":"","header-main-stick-meta":"","header-below-stick-meta":"","astra-migrate-meta-layouts":"set","ast-page-background-enabled":"default","ast-page-background-meta":{"desktop":{"background-color":"var(--ast-global-color-4)","background-image":"","background-repeat":"repeat","background-position":"center center","background-size":"auto","background-attachment":"scroll","background-type":"","background-media":"","overlay-type":"","overlay-color":"","overlay-opacity":"","overlay-gradient":""},"tablet":{"background-color":"","background-image":"","background-repeat":"repeat","background-position":"center center","background-size":"auto","background-attachment":"scroll","background-type":"","background-media":"","overlay-type":"","overlay-color":"","overlay-opacity":"","overlay-gradient":""},"mobile":{"background-color":"","background-image":"","background-repeat":"repeat","background-position":"center center","background-size":"auto","background-attachment":"scroll","background-type":"","background-media":"","overlay-type":"","overlay-color":"","overlay-opacity":"","overlay-gradient":""}},"ast-content-background-meta":{"desktop":{"background-color":"var(--ast-global-color-5)","background-image":"","background-repeat":"repeat","background-position":"center center","background-size":"auto","background-attachment":"scroll","background-type":"","background-media":"","overlay-type":"","overlay-color":"","overlay-opacity":"","overlay-gradient":""},"tablet":{"background-color":"var(--ast-global-color-5)","background-image":"","background-repeat":"repeat","background-position":"center center","background-size":"auto","background-attachment":"scroll","background-type":"","background-media":"","overlay-type":"","overlay-color":"","overlay-opacity":"","overlay-gradient":""},"mobile":{"background-color":"var(--ast-global-color-5)","background-image":"","background-repeat":"repeat","background-position":"center center","background-size":"auto","background-attachment":"scroll","background-type":"","background-media":"","overlay-type":"","overlay-color":"","overlay-opacity":"","overlay-gradient":""}}},"product_brand":[],"product_cat":[25],"product_tag":[],"class_list":{"0":"post-1898","1":"product","2":"type-product","3":"status-publish","4":"has-post-thumbnail","6":"product_cat-aqida","7":"desktop-align-left","8":"tablet-align-left","9":"mobile-align-left","11":"first","12":"instock","13":"shipping-taxable","14":"purchasable","15":"product-type-simple"},"aioseo_notices":[],"jetpack_sharing_enabled":true,"_links":{"self":[{"href":"https:\/\/kouttab.fr\/index.php\/wp-json\/wp\/v2\/product\/1898","targetHints":{"allow":["GET"]}}],"collection":[{"href":"https:\/\/kouttab.fr\/index.php\/wp-json\/wp\/v2\/product"}],"about":[{"href":"https:\/\/kouttab.fr\/index.php\/wp-json\/wp\/v2\/types\/product"}],"replies":[{"embeddable":true,"href":"https:\/\/kouttab.fr\/index.php\/wp-json\/wp\/v2\/comments?post=1898"}],"wp:featuredmedia":[{"embeddable":true,"href":"https:\/\/kouttab.fr\/index.php\/wp-json\/wp\/v2\/media\/1913"}],"wp:attachment":[{"href":"https:\/\/kouttab.fr\/index.php\/wp-json\/wp\/v2\/media?parent=1898"}],"wp:term":[{"taxonomy":"product_brand","embeddable":true,"href":"https:\/\/kouttab.fr\/index.php\/wp-json\/wp\/v2\/product_brand?post=1898"},{"taxonomy":"product_cat","embeddable":true,"href":"https:\/\/kouttab.fr\/index.php\/wp-json\/wp\/v2\/product_cat?post=1898"},{"taxonomy":"product_tag","embeddable":true,"href":"https:\/\/kouttab.fr\/index.php\/wp-json\/wp\/v2\/product_tag?post=1898"}],"curies":[{"name":"wp","href":"https:\/\/api.w.org\/{rel}","templated":true}]}}