{"id":1902,"date":"2023-11-21T18:08:59","date_gmt":"2023-11-21T17:08:59","guid":{"rendered":"https:\/\/kouttab.shop\/?post_type=product&#038;p=1902"},"modified":"2023-11-22T12:14:08","modified_gmt":"2023-11-22T11:14:08","slug":"al-tawhid-ses-implications-dans-la-pensee-et-la-vie","status":"publish","type":"product","link":"https:\/\/kouttab.fr\/index.php\/product\/al-tawhid-ses-implications-dans-la-pensee-et-la-vie\/","title":{"rendered":"Al-Tawhid : ses implications dans la pens\u00e9e et la vie"},"content":{"rendered":"<pre>Le tawh\u00eed \u2013 la proclamation de l\u2019Unicit\u00e9 divine<\/pre>\n","protected":false},"excerpt":{"rendered":"<p>Le tawh\u00eed \u2013 la proclamation de l\u2019Unicit\u00e9 divine, la ferme conviction qu\u2019Allah est le Cr\u00e9ateur unique, absolu et transcendant, le Seigneur de toute chose, Celui dont la volont\u00e9 forme le bien ultime et dont les Commandements font loi \u2013 est le premier principe et l\u2019essence de l\u2019islam, le souffle vital de sa civilisation et de sa culture, la quintessence de ses enseignements, le c\u0153ur de sa vision du monde. Cette notion primordiale est aussi ce qui donne au musulman son identit\u00e9 distincte parmi les adh\u00e9rents de toutes les autres religions et id\u00e9ologies de l\u2019humanit\u00e9, et ce qui lui indique sa mission fondamentale en cette vie : Le servir, L\u2019adorer et Lui ob\u00e9ir.<\/p>\n","protected":false},"featured_media":1909,"comment_status":"open","ping_status":"closed","template":"","meta":{"give_campaign_id":0,"site-sidebar-layout":"default","site-content-layout":"","ast-site-content-layout":"default","site-content-style":"default","site-sidebar-style":"default","ast-global-header-display":"","ast-banner-title-visibility":"","ast-main-header-display":"","ast-hfb-above-header-display":"","ast-hfb-below-header-display":"","ast-hfb-mobile-header-display":"","site-post-title":"","ast-breadcrumbs-content":"","ast-featured-img":"","footer-sml-layout":"","ast-disable-related-posts":"","theme-transparent-header-meta":"default","adv-header-id-meta":"","stick-header-meta":"","header-above-stick-meta":"","header-main-stick-meta":"","header-below-stick-meta":"","astra-migrate-meta-layouts":"set","ast-page-background-enabled":"default","ast-page-background-meta":{"desktop":{"background-color":"var(--ast-global-color-4)","background-image":"","background-repeat":"repeat","background-position":"center center","background-size":"auto","background-attachment":"scroll","background-type":"","background-media":"","overlay-type":"","overlay-color":"","overlay-opacity":"","overlay-gradient":""},"tablet":{"background-color":"","background-image":"","background-repeat":"repeat","background-position":"center center","background-size":"auto","background-attachment":"scroll","background-type":"","background-media":"","overlay-type":"","overlay-color":"","overlay-opacity":"","overlay-gradient":""},"mobile":{"background-color":"","background-image":"","background-repeat":"repeat","background-position":"center center","background-size":"auto","background-attachment":"scroll","background-type":"","background-media":"","overlay-type":"","overlay-color":"","overlay-opacity":"","overlay-gradient":""}},"ast-content-background-meta":{"desktop":{"background-color":"var(--ast-global-color-5)","background-image":"","background-repeat":"repeat","background-position":"center center","background-size":"auto","background-attachment":"scroll","background-type":"","background-media":"","overlay-type":"","overlay-color":"","overlay-opacity":"","overlay-gradient":""},"tablet":{"background-color":"var(--ast-global-color-5)","background-image":"","background-repeat":"repeat","background-position":"center center","background-size":"auto","background-attachment":"scroll","background-type":"","background-media":"","overlay-type":"","overlay-color":"","overlay-opacity":"","overlay-gradient":""},"mobile":{"background-color":"var(--ast-global-color-5)","background-image":"","background-repeat":"repeat","background-position":"center center","background-size":"auto","background-attachment":"scroll","background-type":"","background-media":"","overlay-type":"","overlay-color":"","overlay-opacity":"","overlay-gradient":""}}},"product_brand":[],"product_cat":[25],"product_tag":[],"class_list":{"0":"post-1902","1":"product","2":"type-product","3":"status-publish","4":"has-post-thumbnail","6":"product_cat-aqida","7":"desktop-align-left","8":"tablet-align-left","9":"mobile-align-left","11":"first","12":"instock","13":"shipping-taxable","14":"purchasable","15":"product-type-simple"},"aioseo_notices":[],"jetpack_sharing_enabled":true,"_links":{"self":[{"href":"https:\/\/kouttab.fr\/index.php\/wp-json\/wp\/v2\/product\/1902","targetHints":{"allow":["GET"]}}],"collection":[{"href":"https:\/\/kouttab.fr\/index.php\/wp-json\/wp\/v2\/product"}],"about":[{"href":"https:\/\/kouttab.fr\/index.php\/wp-json\/wp\/v2\/types\/product"}],"replies":[{"embeddable":true,"href":"https:\/\/kouttab.fr\/index.php\/wp-json\/wp\/v2\/comments?post=1902"}],"wp:featuredmedia":[{"embeddable":true,"href":"https:\/\/kouttab.fr\/index.php\/wp-json\/wp\/v2\/media\/1909"}],"wp:attachment":[{"href":"https:\/\/kouttab.fr\/index.php\/wp-json\/wp\/v2\/media?parent=1902"}],"wp:term":[{"taxonomy":"product_brand","embeddable":true,"href":"https:\/\/kouttab.fr\/index.php\/wp-json\/wp\/v2\/product_brand?post=1902"},{"taxonomy":"product_cat","embeddable":true,"href":"https:\/\/kouttab.fr\/index.php\/wp-json\/wp\/v2\/product_cat?post=1902"},{"taxonomy":"product_tag","embeddable":true,"href":"https:\/\/kouttab.fr\/index.php\/wp-json\/wp\/v2\/product_tag?post=1902"}],"curies":[{"name":"wp","href":"https:\/\/api.w.org\/{rel}","templated":true}]}}